{"id":11484,"date":"2025-01-02T14:56:20","date_gmt":"2025-01-02T20:56:20","guid":{"rendered":"https:\/\/luisvaltierranoticias.com\/?page_id=11484"},"modified":"2026-05-08T08:20:06","modified_gmt":"2026-05-08T13:20:06","slug":"nosotros","status":"publish","type":"page","link":"https:\/\/luisvaltierranoticias.com\/?page_id=11484","title":{"rendered":"Nosotros"},"content":{"rendered":"\n<p>Luis Valtierra Noticias es un sitio web de noticias y entrenamiento, una marca registrada propiedad de LUVAH Media Group; Agencia de Noticias, Marketing y Publicidad en Redes Sociales. Aqu\u00ed le brindamos las \u00faltimas noticias y videos directamente del lugar de los hechos.<\/p>\n\n\n\n<p>M\u00e1s informaci\u00f3n para venta, marketing y publicidad en: <a href=\"mailto:director@luisvaltierranoticias.com\">director@luisvaltierranoticias.com<\/a><\/p>\n\n\n\n<p>Corresponsal:<\/p>\n\n\n\n<p>Peri\u00f3dico: El Pa\u00eds<\/p>\n\n\n\n<p> <a href=\"https:\/\/elpais.com\/mexico\/2024-10-12\/la-muerte-del-estudiante-armando-hernandez-de-hospital-en-hospital-con-una-bala-del-ejercito-en-el-cuerpo.html\">https:\/\/elpais.com\/mexico\/2024-10-12\/la-muerte-del-estudiante-armando-hernandez-de-hospital-en-hospital-con-una-bala-del-ejercito-en-el-cuerpo.html<\/a><\/p>\n\n\n\n<p>Peri\u00f3dico: El Sol de Tampico<\/p>\n\n\n\n<p><a href=\"https:\/\/oem.com.mx\/elsoldetampico\/local\/despiden-a-fallecidos-por-presunto-ataque-de-guardia-nacional-en-nuevo-laredo-16318881\">https:\/\/oem.com.mx\/elsoldetampico\/local\/despiden-a-fallecidos-por-presunto-ataque-de-guardia-nacional-en-nuevo-laredo-16318881<\/a><\/p>\n\n\n\n<p>En un 2&#215;3 Tamaulipas<\/p>\n\n\n\n<p><a href=\"https:\/\/www.facebook.com\/watch\/?v=998575118468571\">https:\/\/www.facebook.com\/watch\/?v=998575118468571<\/a><\/p>\n\n\n\n<p>Julio Astillero<\/p>\n\n\n\n<p><a href=\"https:\/\/julioastillero.com\/vinculan-a-proceso-a-militares-por-homicidio-de-5-jovenes-en-nuevo-laredo\/\" data-type=\"link\" data-id=\"https:\/\/julioastillero.com\/vinculan-a-proceso-a-militares-por-homicidio-de-5-jovenes-en-nuevo-laredo\/\">https:\/\/julioastillero.com\/vinculan-a-proceso-a-militares-por-homicidio-de-5-jovenes-en-nuevo-laredo\/<\/a><\/p>\n\n\n\n<p><\/p>\n","protected":false},"excerpt":{"rendered":"<p>Luis Valtierra Noticias es un sitio web de noticias y entrenamiento, una marca registrada propiedad de LUVAH Media Group; Agencia de Noticias, Marketing y Publicidad en Redes Sociales. Aqu\u00ed le brindamos las \u00faltimas noticias y videos directamente del lugar de los hechos. M\u00e1s informaci\u00f3n para venta, marketing y publicidad en: director@luisvaltierranoticias.com Corresponsal: Peri\u00f3dico: El Pa\u00eds [&hellip;]<\/p>\n","protected":false},"author":1,"featured_media":0,"parent":0,"menu_order":0,"comment_status":"closed","ping_status":"closed","template":"","meta":{"footnotes":""},"class_list":["post-11484","page","type-page","status-publish"],"amp_enabled":true,"_links":{"self":[{"href":"https:\/\/luisvaltierranoticias.com\/index.php?rest_route=\/wp\/v2\/pages\/11484","targetHints":{"allow":["GET"]}}],"collection":[{"href":"https:\/\/luisvaltierranoticias.com\/index.php?rest_route=\/wp\/v2\/pages"}],"about":[{"href":"https:\/\/luisvaltierranoticias.com\/index.php?rest_route=\/wp\/v2\/types\/page"}],"author":[{"embeddable":true,"href":"https:\/\/luisvaltierranoticias.com\/index.php?rest_route=\/wp\/v2\/users\/1"}],"replies":[{"embeddable":true,"href":"https:\/\/luisvaltierranoticias.com\/index.php?rest_route=%2Fwp%2Fv2%2Fcomments&post=11484"}],"version-history":[{"count":5,"href":"https:\/\/luisvaltierranoticias.com\/index.php?rest_route=\/wp\/v2\/pages\/11484\/revisions"}],"predecessor-version":[{"id":19318,"href":"https:\/\/luisvaltierranoticias.com\/index.php?rest_route=\/wp\/v2\/pages\/11484\/revisions\/19318"}],"wp:attachment":[{"href":"https:\/\/luisvaltierranoticias.com\/index.php?rest_route=%2Fwp%2Fv2%2Fmedia&parent=11484"}],"curies":[{"name":"wp","href":"https:\/\/api.w.org\/{rel}","templated":true}]}}